{"id":10,"date":"2016-04-23T16:35:44","date_gmt":"2016-04-23T14:35:44","guid":{"rendered":"http:\/\/worf.de\/wordpress\/en\/?page_id=10"},"modified":"2019-07-11T17:09:36","modified_gmt":"2019-07-11T15:09:36","slug":"imprint","status":"publish","type":"page","link":"https:\/\/worf.de\/wordpress\/en\/imprint\/","title":{"rendered":"Imprint"},"content":{"rendered":"<p><span class=\"home\"><strong>Worf Glaskugeln GmbH<\/strong><br \/>\nOtto-Hahn-Stra\u00dfe 12<br \/>\n55129 Mainz<br \/>\nGermany<\/span><\/p>\n<p>Phone +49 (0) 6136 955 12 -0<br \/>\nFax +49 (0) 6136 955 12 -19<br \/>\nE-Mail: <a href=\"mailto:inquiry@worf.de\"><span style=\"color: black;\">info@worf.de<br \/>\n<\/span><\/a><\/p>\n<hr \/>\n<p><span class=\"home\"><a href=\"mailto:info@worf.de\"><span style=\"color: black;\">\u00a0<\/span><\/a><\/span><\/p>\n<p>HRB1309 Amtsgericht Mainz, USt. &#8211; IdNr.: DE 149 064 442<br \/>\nGesch\u00e4ftsf\u00fchrung: Dipl.-Volksw. C\u00e4cilia Alsfasser<\/p>\n","protected":false},"excerpt":{"rendered":"<p>Worf Glaskugeln GmbH Otto-Hahn-Stra\u00dfe 12 55129 Mainz Germany Phone +49 (0) 6136 955 12 -0 Fax +49 (0) 6136 955 12 -19 E-Mail: info@worf.de \u00a0 HRB1309 Amtsgericht Mainz, USt. &#8211; IdNr.: DE 149 064 442 Gesch\u00e4ftsf\u00fchrung: Dipl.-Volksw. C\u00e4cilia Alsfasser<\/p>\n","protected":false},"author":1,"featured_media":0,"parent":0,"menu_order":0,"comment_status":"closed","ping_status":"closed","template":"","meta":[],"_links":{"self":[{"href":"https:\/\/worf.de\/wordpress\/en\/wp-json\/wp\/v2\/pages\/10"}],"collection":[{"href":"https:\/\/worf.de\/wordpress\/en\/wp-json\/wp\/v2\/pages"}],"about":[{"href":"https:\/\/worf.de\/wordpress\/en\/wp-json\/wp\/v2\/types\/page"}],"author":[{"embeddable":true,"href":"https:\/\/worf.de\/wordpress\/en\/wp-json\/wp\/v2\/users\/1"}],"replies":[{"embeddable":true,"href":"https:\/\/worf.de\/wordpress\/en\/wp-json\/wp\/v2\/comments?post=10"}],"version-history":[{"count":6,"href":"https:\/\/worf.de\/wordpress\/en\/wp-json\/wp\/v2\/pages\/10\/revisions"}],"predecessor-version":[{"id":171,"href":"https:\/\/worf.de\/wordpress\/en\/wp-json\/wp\/v2\/pages\/10\/revisions\/171"}],"wp:attachment":[{"href":"https:\/\/worf.de\/wordpress\/en\/wp-json\/wp\/v2\/media?parent=10"}],"curies":[{"name":"wp","href":"https:\/\/api.w.org\/{rel}","templated":true}]}}