{"id":10,"date":"2016-03-05T17:13:40","date_gmt":"2016-03-05T17:13:40","guid":{"rendered":"http:\/\/z-ine.de\/_promo\/worfglaskugeln\/?page_id=10"},"modified":"2024-10-23T17:43:50","modified_gmt":"2024-10-23T17:43:50","slug":"profil","status":"publish","type":"page","link":"https:\/\/worf.de\/wordpress\/profil\/","title":{"rendered":"Profil"},"content":{"rendered":"<p>Worf Glaskugeln, Pr\u00e4zisionskugeln, Mahlkugeln, Glaszylinder, Sichtgl\u00e4ser, Schaugl\u00e4ser und Glasrohre sowie speziell angefertigte technische Glasprodukte werden seit \u00fcber 50 Jahren haupts\u00e4chlich in Industrie, Medizin, Forschung und Verkehrswesen eingesetzt.<\/p>\n<p>Die in Mainz ans\u00e4ssige Firma Worf Glaskugeln GmbH ist ein international t\u00e4tiges und bekanntes, mittelst\u00e4ndisches Unternehmen. Mit der Gr\u00fcndung im Jahr 1969 f\u00fcllte Antonius Worf eine Marktl\u00fccke, die er mit unerm\u00fcdlicher Motivation, Einfallsreichtum und Ideen f\u00fcr die Verbesserung von Produkten zielstrebig und erfolgreich ausbaute. Im Jahr 1990 \u00fcbernahm seine Tochter, Dipl.-Volksw. C\u00e4cilia Alsfasser, geb. Worf, sehr jung die Gesch\u00e4ftsf\u00fchrung des familiengef\u00fchrten Unternehmens, das sie bis heute f\u00fchrt.<\/p>\n<p>Worf Glaskugeln bietet seinen Kunden speziell auf deren individuelle Bed\u00fcrfnisse angepasste technische Glasprodukte in h\u00f6chster Pr\u00e4zision. Die Einsatzm\u00f6glichkeiten f\u00fcr unsere Produkte sind so vielf\u00e4ltig wie unser Kundenkreis: Ob kleine oder gro\u00dfe Glaskugeln, Pr\u00e4zisionskugeln, Ventilkugeln, Mahlkugeln, Mischkugeln im Pharmabereich, Dekorationsartikel, Reflektoren f\u00fcr die Stra\u00dfenmarkierung, Glaszylinder, Glasrohre, Sichtgl\u00e4ser oder Schaugl\u00e4ser &#8211; wir liefern glasklare L\u00f6sungen f\u00fcr Industrie, Forschung und Medizin genauso wie f\u00fcr das Verkehrswesen oder den Dekorativen Bereich.<\/p>\n<p>Bei der Worf Glaskugeln GmbH werden Gesch\u00e4ftsbeziehungen auf Basis guter Zusammenarbeit, vertrauensvoller Partnerschaft und Fairness gef\u00fchrt. Unser Ansehen basiert auf Erfahrung, guten Ideen und der Verpflichtung zu hoher Produktqualit\u00e4t.<br \/>\nWeil in unserem Unternehmen von diesen Grunds\u00e4tzen niemals abgewichen wurde und wir uns zudem zu unseren gesellschaftlichen, kulturellen und sozialen Aufgaben bekennen, konnten wir unsere Gesch\u00e4ftsbeziehungen in den zur\u00fcckliegenden Jahren kontinuierlich ausbauen.<\/p>\n<p>Deshalb sind diese Grunds\u00e4tze und Leitlinien der Worf Glaskugeln GmbH fester Bestandteil unserer Unternehmens- und Qualit\u00e4tspolitik.<br \/>\nWir sind zuversichtlich, dass unser ausgefeiltes Qualit\u00e4tsmanagementsystem uns weiterhin dabei unterst\u00fctzen wird, die Leistungen zu erbringen, die Vertriebspartner und Kunden von der Worf Glaskugeln GmbH erwarten.<\/p>\n","protected":false},"excerpt":{"rendered":"<p>Worf Glaskugeln, Pr\u00e4zisionskugeln, Mahlkugeln, Glaszylinder, Sichtgl\u00e4ser, Schaugl\u00e4ser und Glasrohre sowie speziell angefertigte technische Glasprodukte werden seit \u00fcber 50 Jahren haupts\u00e4chlich in Industrie, Medizin, Forschung und Verkehrswesen eingesetzt. Die in Mainz ans\u00e4ssige Firma Worf Glaskugeln GmbH ist ein international t\u00e4tiges und bekanntes, mittelst\u00e4ndisches Unternehmen. Mit der Gr\u00fcndung im Jahr 1969 f\u00fcllte Antonius Worf eine Marktl\u00fccke, die [&hellip;]<\/p>\n","protected":false},"author":1,"featured_media":131,"parent":0,"menu_order":0,"comment_status":"closed","ping_status":"closed","template":"","meta":[],"_links":{"self":[{"href":"https:\/\/worf.de\/wordpress\/wp-json\/wp\/v2\/pages\/10"}],"collection":[{"href":"https:\/\/worf.de\/wordpress\/wp-json\/wp\/v2\/pages"}],"about":[{"href":"https:\/\/worf.de\/wordpress\/wp-json\/wp\/v2\/types\/page"}],"author":[{"embeddable":true,"href":"https:\/\/worf.de\/wordpress\/wp-json\/wp\/v2\/users\/1"}],"replies":[{"embeddable":true,"href":"https:\/\/worf.de\/wordpress\/wp-json\/wp\/v2\/comments?post=10"}],"version-history":[{"count":13,"href":"https:\/\/worf.de\/wordpress\/wp-json\/wp\/v2\/pages\/10\/revisions"}],"predecessor-version":[{"id":436,"href":"https:\/\/worf.de\/wordpress\/wp-json\/wp\/v2\/pages\/10\/revisions\/436"}],"wp:featuredmedia":[{"embeddable":true,"href":"https:\/\/worf.de\/wordpress\/wp-json\/wp\/v2\/media\/131"}],"wp:attachment":[{"href":"https:\/\/worf.de\/wordpress\/wp-json\/wp\/v2\/media?parent=10"}],"curies":[{"name":"wp","href":"https:\/\/api.w.org\/{rel}","templated":true}]}}