{"id":20,"date":"2016-03-05T17:46:10","date_gmt":"2016-03-05T17:46:10","guid":{"rendered":"http:\/\/z-ine.de\/_promo\/worfglaskugeln\/?page_id=20"},"modified":"2020-07-08T14:31:33","modified_gmt":"2020-07-08T14:31:33","slug":"qualitaetsmanagement","status":"publish","type":"page","link":"https:\/\/worf.de\/wordpress\/qualitaetsmanagement\/","title":{"rendered":"Qualit\u00e4tsmanagement"},"content":{"rendered":"<p>Die st\u00e4ndige Weiterentwicklung unseres Qualit\u00e4tsmanagementsystems DIN EN ISO 9001\/2015 unterst\u00fctzt uns dabei, die St\u00e4rken unseres Betriebes aus- und unsere Schw\u00e4chen abzubauen. Dadurch k\u00f6nnen wir die Leistungen erbringen, die Kunden und Vertriebspartner von der Worf Glaskugeln GmbH erwarten: Hohe Produktqualit\u00e4t, marktgerechte Preise sowie kurze Lieferzeiten.<\/p>\n<p>Die Unternehmens- und Qualit\u00e4tspolitik wird im Unternehmen kommuniziert, konsequent umgesetzt und bei Bedarf aktualisiert. Die Gesch\u00e4ftsleitung verpflichtet sich und alle Mitarbeiter zur st\u00e4ndigen Verbesserung der Wirksamkeit des QM-Systems.<\/p>\n<p>Wir sind \u00fcberzeugt, dass wir uns dadurch von unseren Mitbewerbern unterscheiden.<\/p>\n","protected":false},"excerpt":{"rendered":"<p>Die st\u00e4ndige Weiterentwicklung unseres Qualit\u00e4tsmanagementsystems DIN EN ISO 9001\/2015 unterst\u00fctzt uns dabei, die St\u00e4rken unseres Betriebes aus- und unsere Schw\u00e4chen abzubauen. Dadurch k\u00f6nnen wir die Leistungen erbringen, die Kunden und Vertriebspartner von der Worf Glaskugeln GmbH erwarten: Hohe Produktqualit\u00e4t, marktgerechte Preise sowie kurze Lieferzeiten. Die Unternehmens- und Qualit\u00e4tspolitik wird im Unternehmen kommuniziert, konsequent umgesetzt und [&hellip;]<\/p>\n","protected":false},"author":1,"featured_media":19,"parent":0,"menu_order":0,"comment_status":"closed","ping_status":"closed","template":"","meta":[],"_links":{"self":[{"href":"https:\/\/worf.de\/wordpress\/wp-json\/wp\/v2\/pages\/20"}],"collection":[{"href":"https:\/\/worf.de\/wordpress\/wp-json\/wp\/v2\/pages"}],"about":[{"href":"https:\/\/worf.de\/wordpress\/wp-json\/wp\/v2\/types\/page"}],"author":[{"embeddable":true,"href":"https:\/\/worf.de\/wordpress\/wp-json\/wp\/v2\/users\/1"}],"replies":[{"embeddable":true,"href":"https:\/\/worf.de\/wordpress\/wp-json\/wp\/v2\/comments?post=20"}],"version-history":[{"count":7,"href":"https:\/\/worf.de\/wordpress\/wp-json\/wp\/v2\/pages\/20\/revisions"}],"predecessor-version":[{"id":352,"href":"https:\/\/worf.de\/wordpress\/wp-json\/wp\/v2\/pages\/20\/revisions\/352"}],"wp:featuredmedia":[{"embeddable":true,"href":"https:\/\/worf.de\/wordpress\/wp-json\/wp\/v2\/media\/19"}],"wp:attachment":[{"href":"https:\/\/worf.de\/wordpress\/wp-json\/wp\/v2\/media?parent=20"}],"curies":[{"name":"wp","href":"https:\/\/api.w.org\/{rel}","templated":true}]}}