{"id":227,"date":"2016-07-19T12:50:06","date_gmt":"2016-07-19T12:50:06","guid":{"rendered":"http:\/\/worf.de\/wordpress\/?page_id=227"},"modified":"2019-07-11T14:47:10","modified_gmt":"2019-07-11T14:47:10","slug":"glaskugeln","status":"publish","type":"page","link":"https:\/\/worf.de\/wordpress\/produkte\/glaskugeln\/","title":{"rendered":"Glaskugeln, Glasperlen, Mahlkugeln, Mischkugeln, F\u00fcllkugeln"},"content":{"rendered":"<p>Worf Glaskugeln werden in den verschiedensten Anwendungen eingesetzt. Wir entwickeln und planen glastechnische L\u00f6sungen f\u00fcr Industrie, Forschung, Pharmazie, Elektronik, Optik, Beleuchtungsindustrie\u00a0 und Verkehrswesen. Entsprechend den Anforderungen unserer Kunden liefern wir Glaskugeln in verschiedenen Glasarten, Durchmessern, mit Standardtoleranz oder hoher Pr\u00e4zision.<\/p>\n<p>Zunehmend popul\u00e4rer wird der Einsatz von massiven Glaskugeln auf spiritueller Ebene als Zauberkugeln oder zu Dekorationszwecken. In diesem Bereich bieten wir Gr\u00f6\u00dfen bis \u00fcber 300 mm Durchmesser an.<\/p>\n<p>Damit wir dem Anspruch von hoher Produktqualit\u00e4t, marktgerechten Preisen und kurzer Lieferzeit entsprechen k\u00f6nnen, arbeiten wir mit dem Qualti\u00e4tsmanagementsystem DIN EN ISO 9001\/2015.<br \/>\nSie k\u00f6nnen sicher sein, dass die Qualit\u00e4t unserer Glaskugeln \u00fcberdurchschnittlich ist.<\/p>\n<p>Setzen Sie sich mit uns in Verbindung.<br \/>\nRufen Sie einfach an (Tel. <a href=\"http:\/\/&lt;a href=&quot;tel:+496136955120&quot;&gt;+49 (0)6136955120&lt;\/a&gt;\">0049 6136 955120<\/a>) oder schicken Sie eine E-Mail an <a href=\"mailto:anfrage@worf.de\">anfrage@worf.de<\/a><\/p>\n<p>Worfing together is success.<\/p>\n","protected":false},"excerpt":{"rendered":"<p>Worf Glaskugeln werden in den verschiedensten Anwendungen eingesetzt. Wir entwickeln und planen glastechnische L\u00f6sungen f\u00fcr Industrie, Forschung, Pharmazie, Elektronik, Optik, Beleuchtungsindustrie\u00a0 und Verkehrswesen. Entsprechend den Anforderungen unserer Kunden liefern wir Glaskugeln in verschiedenen Glasarten, Durchmessern, mit Standardtoleranz oder hoher Pr\u00e4zision. Zunehmend popul\u00e4rer wird der Einsatz von massiven Glaskugeln auf spiritueller Ebene als Zauberkugeln oder zu [&hellip;]<\/p>\n","protected":false},"author":1,"featured_media":0,"parent":8,"menu_order":0,"comment_status":"closed","ping_status":"closed","template":"","meta":[],"_links":{"self":[{"href":"https:\/\/worf.de\/wordpress\/wp-json\/wp\/v2\/pages\/227"}],"collection":[{"href":"https:\/\/worf.de\/wordpress\/wp-json\/wp\/v2\/pages"}],"about":[{"href":"https:\/\/worf.de\/wordpress\/wp-json\/wp\/v2\/types\/page"}],"author":[{"embeddable":true,"href":"https:\/\/worf.de\/wordpress\/wp-json\/wp\/v2\/users\/1"}],"replies":[{"embeddable":true,"href":"https:\/\/worf.de\/wordpress\/wp-json\/wp\/v2\/comments?post=227"}],"version-history":[{"count":10,"href":"https:\/\/worf.de\/wordpress\/wp-json\/wp\/v2\/pages\/227\/revisions"}],"predecessor-version":[{"id":278,"href":"https:\/\/worf.de\/wordpress\/wp-json\/wp\/v2\/pages\/227\/revisions\/278"}],"up":[{"embeddable":true,"href":"https:\/\/worf.de\/wordpress\/wp-json\/wp\/v2\/pages\/8"}],"wp:attachment":[{"href":"https:\/\/worf.de\/wordpress\/wp-json\/wp\/v2\/media?parent=227"}],"curies":[{"name":"wp","href":"https:\/\/api.w.org\/{rel}","templated":true}]}}