{"id":236,"date":"2016-07-19T13:41:59","date_gmt":"2016-07-19T13:41:59","guid":{"rendered":"http:\/\/worf.de\/wordpress\/?page_id=236"},"modified":"2018-11-07T14:49:06","modified_gmt":"2018-11-07T14:49:06","slug":"schau-und-sichtglaeser","status":"publish","type":"page","link":"https:\/\/worf.de\/wordpress\/produkte\/schau-und-sichtglaeser\/","title":{"rendered":"Schaugl\u00e4ser, Sichtgl\u00e4ser, Abdeckgl\u00e4ser"},"content":{"rendered":"<p>Schaugl\u00e4ser werden in verschiedenen Bereichen eingesetzt: Zum Beispiel in Forschung, Medizin oder Industrie. Dort wo unter Druck, bei thermischer oder chemischer Belastung, eine Sichtpr\u00fcfung von Vorg\u00e4ngen in Beh\u00e4ltern garantiert sein muss, sind Sichtscheiben erforderlich.<br \/>\nZusammen mit unseren Kunden entwickeln und planen wir L\u00f6sungen f\u00fcr die unterschiedliche Anwendungsbereiche, individuell nach Ma\u00df.<br \/>\nMeistens verarbeiten wir Natron-Kalk- oder Borosilikat-Glas, bei Bedarf verwenden wir aber auch eine andere Glasart.<\/p>\n<p>Wir k\u00f6nnen dem Anspruch von hoher Produktqualit\u00e4t und marktgerechten Preisen entsprechen, denn wir arbeiten mit dem Qualit\u00e4tsmanagementsystem DIN EN ISO 9001\/2015.<\/p>\n<p>Rufen Sie einfach an (Tel. <a href=\"http:\/\/&lt;a href=&quot;tel:+496136955120&quot;&gt;+49 (0)6136955120&lt;\/a&gt;\">06136 955120<\/a>) oder schicken Sie eine E-Mail an <a href=\"mailto:anfrage@worf.de\">anfrage@worf.de<\/a><\/p>\n<p>Wenn Sie sich mit uns in Verbindung setzen, geben wir Ihnen glasklare Informationen.<\/p>\n","protected":false},"excerpt":{"rendered":"<p>Schaugl\u00e4ser werden in verschiedenen Bereichen eingesetzt: Zum Beispiel in Forschung, Medizin oder Industrie. Dort wo unter Druck, bei thermischer oder chemischer Belastung, eine Sichtpr\u00fcfung von Vorg\u00e4ngen in Beh\u00e4ltern garantiert sein muss, sind Sichtscheiben erforderlich. Zusammen mit unseren Kunden entwickeln und planen wir L\u00f6sungen f\u00fcr die unterschiedliche Anwendungsbereiche, individuell nach Ma\u00df. Meistens verarbeiten wir Natron-Kalk- oder [&hellip;]<\/p>\n","protected":false},"author":1,"featured_media":0,"parent":8,"menu_order":0,"comment_status":"closed","ping_status":"closed","template":"","meta":[],"_links":{"self":[{"href":"https:\/\/worf.de\/wordpress\/wp-json\/wp\/v2\/pages\/236"}],"collection":[{"href":"https:\/\/worf.de\/wordpress\/wp-json\/wp\/v2\/pages"}],"about":[{"href":"https:\/\/worf.de\/wordpress\/wp-json\/wp\/v2\/types\/page"}],"author":[{"embeddable":true,"href":"https:\/\/worf.de\/wordpress\/wp-json\/wp\/v2\/users\/1"}],"replies":[{"embeddable":true,"href":"https:\/\/worf.de\/wordpress\/wp-json\/wp\/v2\/comments?post=236"}],"version-history":[{"count":8,"href":"https:\/\/worf.de\/wordpress\/wp-json\/wp\/v2\/pages\/236\/revisions"}],"predecessor-version":[{"id":366,"href":"https:\/\/worf.de\/wordpress\/wp-json\/wp\/v2\/pages\/236\/revisions\/366"}],"up":[{"embeddable":true,"href":"https:\/\/worf.de\/wordpress\/wp-json\/wp\/v2\/pages\/8"}],"wp:attachment":[{"href":"https:\/\/worf.de\/wordpress\/wp-json\/wp\/v2\/media?parent=236"}],"curies":[{"name":"wp","href":"https:\/\/api.w.org\/{rel}","templated":true}]}}