{"id":242,"date":"2016-07-19T13:44:39","date_gmt":"2016-07-19T13:44:39","guid":{"rendered":"http:\/\/worf.de\/wordpress\/?page_id=242"},"modified":"2018-11-07T15:10:49","modified_gmt":"2018-11-07T15:10:49","slug":"glaskuppeln","status":"publish","type":"page","link":"https:\/\/worf.de\/wordpress\/produkte\/glaskuppeln\/","title":{"rendered":"Glaskuppeln, Glasdome"},"content":{"rendered":"<p>Unsere Glaskuppeln werden nach Mass gefertigt und als Abdeckung in den verschiedensten Anwendungsbereichen eingesetzt. Der Fertigungsbereich liegt zwischen \u00d8 15 und 110 mm.<\/p>\n<p>Wir stehen gerne f\u00fcr Fragen zur Verf\u00fcgung und geben glasklare Informationen.<\/p>\n<p>Rufen Sie uns einfach an (Tel. <a href=\"http:\/\/&lt;a href=&quot;tel:+496136955120&quot;&gt;+49 (0)6136955120&lt;\/a&gt;\">06136 955120<\/a>) oder schicken Sie eine E-Mail an <a href=\"mailto:anfrage@worf.de\">anfrage@worf.de<\/a><\/p>\n","protected":false},"excerpt":{"rendered":"<p>Unsere Glaskuppeln werden nach Mass gefertigt und als Abdeckung in den verschiedensten Anwendungsbereichen eingesetzt. Der Fertigungsbereich liegt zwischen \u00d8 15 und 110 mm. Wir stehen gerne f\u00fcr Fragen zur Verf\u00fcgung und geben glasklare Informationen. Rufen Sie uns einfach an (Tel. 06136 955120) oder schicken Sie eine E-Mail an anfrage@worf.de<\/p>\n","protected":false},"author":1,"featured_media":0,"parent":8,"menu_order":0,"comment_status":"closed","ping_status":"closed","template":"","meta":[],"_links":{"self":[{"href":"https:\/\/worf.de\/wordpress\/wp-json\/wp\/v2\/pages\/242"}],"collection":[{"href":"https:\/\/worf.de\/wordpress\/wp-json\/wp\/v2\/pages"}],"about":[{"href":"https:\/\/worf.de\/wordpress\/wp-json\/wp\/v2\/types\/page"}],"author":[{"embeddable":true,"href":"https:\/\/worf.de\/wordpress\/wp-json\/wp\/v2\/users\/1"}],"replies":[{"embeddable":true,"href":"https:\/\/worf.de\/wordpress\/wp-json\/wp\/v2\/comments?post=242"}],"version-history":[{"count":5,"href":"https:\/\/worf.de\/wordpress\/wp-json\/wp\/v2\/pages\/242\/revisions"}],"predecessor-version":[{"id":361,"href":"https:\/\/worf.de\/wordpress\/wp-json\/wp\/v2\/pages\/242\/revisions\/361"}],"up":[{"embeddable":true,"href":"https:\/\/worf.de\/wordpress\/wp-json\/wp\/v2\/pages\/8"}],"wp:attachment":[{"href":"https:\/\/worf.de\/wordpress\/wp-json\/wp\/v2\/media?parent=242"}],"curies":[{"name":"wp","href":"https:\/\/api.w.org\/{rel}","templated":true}]}}