{"id":244,"date":"2016-07-19T13:45:38","date_gmt":"2016-07-19T13:45:38","guid":{"rendered":"http:\/\/worf.de\/wordpress\/?page_id=244"},"modified":"2018-11-07T14:49:39","modified_gmt":"2018-11-07T14:49:39","slug":"ventilsitze","status":"publish","type":"page","link":"https:\/\/worf.de\/wordpress\/produkte\/ventilsitze\/","title":{"rendered":"Ventilsitze aus Glas"},"content":{"rendered":"<p>Unser Ventil aus hochwertigem Glas besteht aus Sitz und Verschlusskugel. Die Gr\u00f6\u00dfe ist abh\u00e4ngig von dem erforderlichen Durchfluss. Die Teile werden aus hochwertigem Borosilikatglas gefertigt und widerstehen fast jedem chemischen Angriff.<\/p>\n<p>Setzen Sie sich mit uns in Verbindung. Wir stehen gerne zur Verf\u00fcgung und geben glasklare Informationen.<\/p>\n<p>Rufen Sie uns einfach an (Tel. <a href=\"http:\/\/&lt;a href=&quot;tel:+496136955120&quot;&gt;+49 (0)6136955120&lt;\/a&gt;\">06136 955120<\/a>) oder schicken Sie eine E-Mail an <a href=\"mailto:anfrage@worf.de\">anfrage@worf.de<\/a><\/p>\n","protected":false},"excerpt":{"rendered":"<p>Unser Ventil aus hochwertigem Glas besteht aus Sitz und Verschlusskugel. Die Gr\u00f6\u00dfe ist abh\u00e4ngig von dem erforderlichen Durchfluss. Die Teile werden aus hochwertigem Borosilikatglas gefertigt und widerstehen fast jedem chemischen Angriff. Setzen Sie sich mit uns in Verbindung. Wir stehen gerne zur Verf\u00fcgung und geben glasklare Informationen. Rufen Sie uns einfach an (Tel. 06136 955120) [&hellip;]<\/p>\n","protected":false},"author":1,"featured_media":0,"parent":8,"menu_order":0,"comment_status":"closed","ping_status":"closed","template":"","meta":[],"_links":{"self":[{"href":"https:\/\/worf.de\/wordpress\/wp-json\/wp\/v2\/pages\/244"}],"collection":[{"href":"https:\/\/worf.de\/wordpress\/wp-json\/wp\/v2\/pages"}],"about":[{"href":"https:\/\/worf.de\/wordpress\/wp-json\/wp\/v2\/types\/page"}],"author":[{"embeddable":true,"href":"https:\/\/worf.de\/wordpress\/wp-json\/wp\/v2\/users\/1"}],"replies":[{"embeddable":true,"href":"https:\/\/worf.de\/wordpress\/wp-json\/wp\/v2\/comments?post=244"}],"version-history":[{"count":5,"href":"https:\/\/worf.de\/wordpress\/wp-json\/wp\/v2\/pages\/244\/revisions"}],"predecessor-version":[{"id":367,"href":"https:\/\/worf.de\/wordpress\/wp-json\/wp\/v2\/pages\/244\/revisions\/367"}],"up":[{"embeddable":true,"href":"https:\/\/worf.de\/wordpress\/wp-json\/wp\/v2\/pages\/8"}],"wp:attachment":[{"href":"https:\/\/worf.de\/wordpress\/wp-json\/wp\/v2\/media?parent=244"}],"curies":[{"name":"wp","href":"https:\/\/api.w.org\/{rel}","templated":true}]}}