{"id":248,"date":"2016-07-19T13:47:59","date_gmt":"2016-07-19T13:47:59","guid":{"rendered":"http:\/\/worf.de\/wordpress\/?page_id=248"},"modified":"2019-07-11T14:55:54","modified_gmt":"2019-07-11T14:55:54","slug":"dekorative-glaskugeln-bis-o-300-mm","status":"publish","type":"page","link":"https:\/\/worf.de\/wordpress\/produkte\/dekorative-glaskugeln-bis-o-300-mm\/","title":{"rendered":"Glaskugeln als Briefbeschwerer oder spirituelle Zwecke bis \u00d8 300 mm"},"content":{"rendered":"<p>Wenn Sie eine Glaskugel zur Dekoration, als Briefbeschwerer, zum Wahrsagen oder f\u00fcr esoterische oder spirituelle Zwecke suchen, ist Worf Glaskugeln GmbH der richtige Lieferant. Unsere Glaskugeln haben herausragende Qualit\u00e4t und sind bis zu einem Durchmesser von \u00fcber 300 mm lieferbar. Die Kugeln sind in klar, aber auch farbig bzw. mit oder ohne Standfl\u00e4che lieferbar.<\/p>\n<p>Da wir mit dem Qualit\u00e4tsmanagementsystem DIN EN ISO 9001 \/ 2015 arbeiten, k\u00f6nnen unsere Kunden sicher sein, dass eine Worf-Glaskugel eine \u00fcberdurchschnittliche Qualit\u00e4t aufweist.<\/p>\n<p>Ausser der Glaskugel, die zur Dekoration eingesetzt wird, liefert Worf auch technische Glasprodukte. Fordern Sie n\u00e4here Informationen an. Wir stehen gerne zur Verf\u00fcgung und geben glasklare Informationen.<\/p>\n<p>Rufen Sie uns einfach an (Tel. <a href=\"http:\/\/&lt;a href=&quot;tel:+496136955120&quot;&gt;+49 (0)6136955120&lt;\/a&gt;\">06136 955120)<\/a> oder schicken Sie eine E-Mail an <a href=\"mailto:anfrage@worf.de\">anfrage@worf.de<\/a><\/p>\n<p>Wir geben Ihnen glasklare Informationen.<\/p>\n","protected":false},"excerpt":{"rendered":"<p>Wenn Sie eine Glaskugel zur Dekoration, als Briefbeschwerer, zum Wahrsagen oder f\u00fcr esoterische oder spirituelle Zwecke suchen, ist Worf Glaskugeln GmbH der richtige Lieferant. Unsere Glaskugeln haben herausragende Qualit\u00e4t und sind bis zu einem Durchmesser von \u00fcber 300 mm lieferbar. Die Kugeln sind in klar, aber auch farbig bzw. mit oder ohne Standfl\u00e4che lieferbar. Da [&hellip;]<\/p>\n","protected":false},"author":1,"featured_media":0,"parent":8,"menu_order":0,"comment_status":"closed","ping_status":"closed","template":"","meta":[],"_links":{"self":[{"href":"https:\/\/worf.de\/wordpress\/wp-json\/wp\/v2\/pages\/248"}],"collection":[{"href":"https:\/\/worf.de\/wordpress\/wp-json\/wp\/v2\/pages"}],"about":[{"href":"https:\/\/worf.de\/wordpress\/wp-json\/wp\/v2\/types\/page"}],"author":[{"embeddable":true,"href":"https:\/\/worf.de\/wordpress\/wp-json\/wp\/v2\/users\/1"}],"replies":[{"embeddable":true,"href":"https:\/\/worf.de\/wordpress\/wp-json\/wp\/v2\/comments?post=248"}],"version-history":[{"count":6,"href":"https:\/\/worf.de\/wordpress\/wp-json\/wp\/v2\/pages\/248\/revisions"}],"predecessor-version":[{"id":400,"href":"https:\/\/worf.de\/wordpress\/wp-json\/wp\/v2\/pages\/248\/revisions\/400"}],"up":[{"embeddable":true,"href":"https:\/\/worf.de\/wordpress\/wp-json\/wp\/v2\/pages\/8"}],"wp:attachment":[{"href":"https:\/\/worf.de\/wordpress\/wp-json\/wp\/v2\/media?parent=248"}],"curies":[{"name":"wp","href":"https:\/\/api.w.org\/{rel}","templated":true}]}}