{"id":8,"date":"2016-03-05T17:07:39","date_gmt":"2016-03-05T17:07:39","guid":{"rendered":"http:\/\/z-ine.de\/_promo\/worfglaskugeln\/?page_id=8"},"modified":"2020-07-08T14:30:23","modified_gmt":"2020-07-08T14:30:23","slug":"produkte","status":"publish","type":"page","link":"https:\/\/worf.de\/wordpress\/produkte\/","title":{"rendered":"Produkte"},"content":{"rendered":"<div class=\"page\" title=\"Page 2\">\n<div class=\"section\">\n<div class=\"layoutArea\">\n<div class=\"column\">\n<p>Glas ist einer der \u00e4ltesten, interessantesten, umweltfreundlichsten und widerstandsf\u00e4higsten Werkstoffe. Aus diesem Grund wird dieses Material in der Zukunft noch mehr an Bedeutung gewinnen. Worf Glasprodukte k\u00f6nnen sich auf eine langj\u00e4hrige Erfahrung in Projekten von Industrie, Medizin, Forschung und Wissenschaft st\u00fctzen. Unsere Glasprodukte bieten wir Ihnen in verschiedenen Ausf\u00fchrungen, Glasarten und Farben an.<\/p>\n<p>Neben unseren Standardprodukten f\u00fcr viele verschiedene Einsatzzwecke k\u00f6nnen Sie bei uns auch kundenspezifische L\u00f6sungen bekommen.<br \/>\nAufkunft gibt Ihnen unser <a href=\"mailto:vertrieb@worf.de\">vertrieb@worf.de<\/a>, Sie k\u00f6nnen uns auch gerne unter Tel. <a href=\"http:\/\/&lt;a href=&quot;tel:+496136955120&quot;&gt;+49 (0)6136955120&lt;\/a&gt;\">06136-955120<\/a> anrufen.<\/p>\n<\/div>\n<\/div>\n<\/div>\n<\/div>\n<p>&nbsp;<\/p>\n<ul>\n<li>Glaskugeln ab \u00d8 50 \u00b5m<\/li>\n<li>Pr\u00e4zisionsglaskugeln<\/li>\n<li>Glasreflektoren (gelb, wei\u00df, gr\u00fcn, rot) f\u00fcr die Stra\u00dfenmarkierung,\u00a0\u00d8 4,5 mm, 8 mm, 10 mm, 15 mm<\/li>\n<li>Zylinderabschnitte, Schaugl\u00e4ser<\/li>\n<li>Rohrbogen aus Glas<\/li>\n<li>Kolben aus Glas (auch verspiegelt)<\/li>\n<li>Ventilsitze aus Glas<\/li>\n<li>St\u00e4be aus Glas<\/li>\n<li>Glaskuppeln<\/li>\n<li>Dekorative Glaskugeln bis \u00d8 300 mm<\/li>\n<\/ul>\n<p>&nbsp;<\/p>\n<div id=\"attachment_112\" style=\"width: 160px\" class=\"wp-caption alignleft\"><a href=\"http:\/\/worf.de\/wordpress\/produkte\/glaskugeln\/\" rel=\"attachment wp-att-79\"><img aria-describedby=\"caption-attachment-112\" loading=\"lazy\" class=\"wp-image-112 size-thumbnail\" title=\"Glaskugeln von \u00d8 50 \u03bcm bis 300 mm\" src=\"http:\/\/worf.de\/wordpress\/wp-content\/uploads\/2016\/04\/Produkt_011-150x150.jpg\" alt=\"Glaskugeln von \u00d8 50 \u03bcm bis 300 mm\" width=\"150\" height=\"150\" \/><\/a><p id=\"caption-attachment-112\" class=\"wp-caption-text\">Glaskugeln<\/p><\/div>\n<div id=\"attachment_107\" style=\"width: 160px\" class=\"wp-caption alignleft\"><a href=\"http:\/\/worf.de\/wordpress\/produkte\/praezisionsglaskugeln\/\" rel=\"attachment wp-att-106\"><img aria-describedby=\"caption-attachment-107\" loading=\"lazy\" class=\"wp-image-107 size-thumbnail\" src=\"http:\/\/worf.de\/wordpress\/wp-content\/uploads\/2016\/04\/Produkt_006-150x150.jpg\" alt=\"\" width=\"150\" height=\"150\" \/><\/a><p id=\"caption-attachment-107\" class=\"wp-caption-text\">Pr\u00e4zisionskugeln<\/p><\/div>\n<div id=\"attachment_140\" style=\"width: 160px\" class=\"wp-caption alignleft\"><a href=\"http:\/\/worf.de\/wordpress\/produkte\/glaszylinder\/\" rel=\"attachment wp-att-140\"><img aria-describedby=\"caption-attachment-140\" loading=\"lazy\" class=\"wp-image-140 size-thumbnail\" src=\"http:\/\/worf.de\/wordpress\/wp-content\/uploads\/2016\/04\/Produkt_039-150x150.jpg\" alt=\"Glaszylinder, KPG-Rohrabschnitte\" width=\"150\" height=\"150\" \/><\/a><p id=\"caption-attachment-140\" class=\"wp-caption-text\">Glaszylinder<\/p><\/div>\n<div id=\"attachment_126\" style=\"width: 160px\" class=\"wp-caption alignleft\"><a href=\"http:\/\/worf.de\/wordpress\/produkte\/schau-und-sichtglaeser\/\" rel=\"attachment wp-att-107\"><img aria-describedby=\"caption-attachment-126\" loading=\"lazy\" class=\"wp-image-126 size-thumbnail\" src=\"http:\/\/worf.de\/wordpress\/wp-content\/uploads\/2016\/04\/Produkt_025-150x150.jpg\" alt=\"\" width=\"150\" height=\"150\" \/><\/a><p id=\"caption-attachment-126\" class=\"wp-caption-text\">Schaugl\u00e4ser, Sichtgl\u00e4ser<\/p><\/div>\n<div id=\"attachment_117\" style=\"width: 160px\" class=\"wp-caption alignleft\"><a href=\"http:\/\/worf.de\/wordpress\/produkte\/rohrbogen-aus-glas\/\" rel=\"attachment wp-att-130\"><img aria-describedby=\"caption-attachment-117\" loading=\"lazy\" class=\"wp-image-117 size-thumbnail\" src=\"http:\/\/worf.de\/wordpress\/wp-content\/uploads\/2016\/04\/Produkt_016-150x150.jpg\" alt=\"\" width=\"150\" height=\"150\" \/><\/a><p id=\"caption-attachment-117\" class=\"wp-caption-text\">Rohrbogen aus Glas<\/p><\/div>\n<div id=\"attachment_122\" style=\"width: 160px\" class=\"wp-caption alignleft\"><a href=\"http:\/\/worf.de\/wordpress\/produkte\/glasstaebe\/\" rel=\"attachment wp-att-122\"><img aria-describedby=\"caption-attachment-122\" loading=\"lazy\" class=\"wp-image-122 size-thumbnail\" src=\"http:\/\/worf.de\/wordpress\/wp-content\/uploads\/2016\/04\/Produkt_021-150x150.jpg\" alt=\"Glasst\u00e4be\" width=\"150\" height=\"150\" \/><\/a><p id=\"caption-attachment-122\" class=\"wp-caption-text\">Glasst\u00e4be<\/p><\/div>\n<div id=\"attachment_125\" style=\"width: 160px\" class=\"wp-caption alignleft\"><a href=\" http:\/\/worf.de\/wordpress\/produkte\/glaskuppeln\/\" rel=\"attachment wp-att-125\"><img aria-describedby=\"caption-attachment-125\" loading=\"lazy\" class=\"wp-image-125 size-thumbnail\" src=\"http:\/\/worf.de\/wordpress\/wp-content\/uploads\/2016\/04\/Produkt_024-150x150.jpg\" alt=\"Glaskuppeln\" width=\"150\" height=\"150\" \/><\/a><p id=\"caption-attachment-125\" class=\"wp-caption-text\">Glaskuppeln<\/p><\/div>\n<div id=\"attachment_136\" style=\"width: 160px\" class=\"wp-caption alignleft\"><a href=\"http:\/\/worf.de\/wordpress\/produkte\/ventilsitze\/\" rel=\"attachment wp-att-136\"><img aria-describedby=\"caption-attachment-136\" loading=\"lazy\" class=\"wp-image-136 size-thumbnail\" src=\"http:\/\/worf.de\/wordpress\/wp-content\/uploads\/2016\/04\/Produkt_035-150x150.jpg\" alt=\"Ventilsitze aus Glas\" width=\"150\" height=\"150\" \/><\/a><p id=\"caption-attachment-136\" class=\"wp-caption-text\">Ventilsitze<\/p><\/div>\n<div id=\"attachment_116\" style=\"width: 160px\" class=\"wp-caption alignleft\"><a href=\"http:\/\/worf.de\/wordpress\/produkte\/reflektoren\/\" rel=\"attachment wp-att-116\"><img aria-describedby=\"caption-attachment-116\" loading=\"lazy\" class=\"wp-image-116 size-thumbnail\" src=\"http:\/\/worf.de\/wordpress\/wp-content\/uploads\/2016\/04\/Produkt_015-150x150.jpg\" alt=\"Reflektoren\" width=\"150\" height=\"150\" \/><\/a><p id=\"caption-attachment-116\" class=\"wp-caption-text\">Reflektoren<\/p><\/div>\n<div id=\"attachment_109\" style=\"width: 160px\" class=\"wp-caption alignleft\"><a href=\"http:\/\/worf.de\/wordpress\/produkte\/dekorative-glaskugeln-bis-o-300-mm\/\" rel=\"attachment wp-att-109\"><img aria-describedby=\"caption-attachment-109\" loading=\"lazy\" class=\"wp-image-109 size-thumbnail\" title=\"Dekorative Glaskugeln, Briefbeschwerer, Wahrsager Kugeln, gelaserte Kugeln\" src=\"http:\/\/worf.de\/wordpress\/wp-content\/uploads\/2016\/04\/Produkt_008-150x150.jpg\" alt=\"\" width=\"150\" height=\"150\" \/><\/a><p id=\"caption-attachment-109\" class=\"wp-caption-text\">Dekorative Glaskugeln<\/p><\/div>\n<div id=\"attachment_132\" style=\"width: 160px\" class=\"wp-caption alignleft\"><a href=\"http:\/\/worf.de\/wordpress\/produkte\/dekorative-glaskugeln-bis-o-300-mm\/\" rel=\"attachment wp-att-108\"><img aria-describedby=\"caption-attachment-132\" loading=\"lazy\" class=\"wp-image-132 size-thumbnail\" title=\"Dekorative Glaskugeln, Briefbeschwerer, Wahrsager Kugeln, gelaserte Kugeln\" src=\"http:\/\/worf.de\/wordpress\/wp-content\/uploads\/2016\/04\/Produkt_031-150x150.jpg\" alt=\"\" width=\"150\" height=\"150\" \/><\/a><p id=\"caption-attachment-132\" class=\"wp-caption-text\">Briefbeschwerer<\/p><\/div>\n<div id=\"attachment_104\" style=\"width: 160px\" class=\"wp-caption alignleft\"><a href=\"http:\/\/worf.de\/wordpress\/produkte\/dekorative-glaskugeln-bis-o-300-mm\/\" rel=\"attachment wp-att-104\"><img aria-describedby=\"caption-attachment-104\" loading=\"lazy\" class=\"wp-image-104 size-thumbnail\" title=\"Dekorative Glaskugeln, Briefbeschwerer, Wahrsager Kugeln, gelaserte Kugeln\" src=\"http:\/\/worf.de\/wordpress\/wp-content\/uploads\/2016\/04\/Produkt_003-150x150.jpg\" alt=\"gelaserte Kugeln\" width=\"150\" height=\"150\" \/><\/a><p id=\"caption-attachment-104\" class=\"wp-caption-text\">gelaserte Kugeln<\/p><\/div>\n<p>&nbsp;<\/p>\n","protected":false},"excerpt":{"rendered":"<p>Glas ist einer der \u00e4ltesten, interessantesten, umweltfreundlichsten und widerstandsf\u00e4higsten Werkstoffe. Aus diesem Grund wird dieses Material in der Zukunft noch mehr an Bedeutung gewinnen. Worf Glasprodukte k\u00f6nnen sich auf eine langj\u00e4hrige Erfahrung in Projekten von Industrie, Medizin, Forschung und Wissenschaft st\u00fctzen. Unsere Glasprodukte bieten wir Ihnen in verschiedenen Ausf\u00fchrungen, Glasarten und Farben an. Neben unseren [&hellip;]<\/p>\n","protected":false},"author":1,"featured_media":112,"parent":0,"menu_order":0,"comment_status":"closed","ping_status":"closed","template":"","meta":[],"_links":{"self":[{"href":"https:\/\/worf.de\/wordpress\/wp-json\/wp\/v2\/pages\/8"}],"collection":[{"href":"https:\/\/worf.de\/wordpress\/wp-json\/wp\/v2\/pages"}],"about":[{"href":"https:\/\/worf.de\/wordpress\/wp-json\/wp\/v2\/types\/page"}],"author":[{"embeddable":true,"href":"https:\/\/worf.de\/wordpress\/wp-json\/wp\/v2\/users\/1"}],"replies":[{"embeddable":true,"href":"https:\/\/worf.de\/wordpress\/wp-json\/wp\/v2\/comments?post=8"}],"version-history":[{"count":48,"href":"https:\/\/worf.de\/wordpress\/wp-json\/wp\/v2\/pages\/8\/revisions"}],"predecessor-version":[{"id":357,"href":"https:\/\/worf.de\/wordpress\/wp-json\/wp\/v2\/pages\/8\/revisions\/357"}],"wp:featuredmedia":[{"embeddable":true,"href":"https:\/\/worf.de\/wordpress\/wp-json\/wp\/v2\/media\/112"}],"wp:attachment":[{"href":"https:\/\/worf.de\/wordpress\/wp-json\/wp\/v2\/media?parent=8"}],"curies":[{"name":"wp","href":"https:\/\/api.w.org\/{rel}","templated":true}]}}